

{"id":4,"date":"2011-12-08T11:55:34","date_gmt":"2011-12-08T11:55:34","guid":{"rendered":"http:\/\/project.inria.fr\/template1\/?page_id=4"},"modified":"2025-09-29T15:58:38","modified_gmt":"2025-09-29T13:58:38","slug":"home","status":"publish","type":"page","link":"https:\/\/commission-parite.loria.fr\/fr\/","title":{"rendered":"Pr\u00e9sentation"},"content":{"rendered":"<p>La commission parit\u00e9 du Loria a \u00e9t\u00e9 cr\u00e9\u00e9e fin 2019 et compte aujourd\u2019hui 10 membres.<\/p>\n\n\n\n<ul class=\"wp-block-list\">\n<li>Bernadetta Addis, professeure, \u00e9quipe Optimist<\/li>\n\n\n\n<li>Lydia Boudjeloud-Assala, professeure, \u00e9quipe Orpailleur<\/li>\n\n\n\n<li>Laure Buhry, ma\u00eetre de conf\u00e9rences, \u00e9quipe NeuroRhythms<\/li>\n\n\n\n<li>Sylvain Contassot-Vivier, professeur, \u00e9quipe Simbiot<\/li>\n\n\n\n<li>Virginie Galtier, ma\u00eetre de conf\u00e9rences, \u00e9quipe Simbiot<\/li>\n\n\n\n<li>Yannick Parmentier, ma\u00eetre de conf\u00e9rences, \u00e9quipe Synalp<\/li>\n\n\n\n<li>Marie Baron, responsable communication<\/li>\n<\/ul>\n\n\n\n<p><strong>Ses missions&nbsp;:<\/strong><\/p>\n\n\n\n<ul class=\"wp-block-list\">\n<li>Observer les diff\u00e9rents axes de travail au niveau du laboratoire et dresser un \u00e9tat des lieux\u00a0;<\/li>\n\n\n\n<li>Conseiller la direction sur sa politique en mati\u00e8re d\u2019\u00e9galit\u00e9 et \u00e9mettre des recommandations, lui proposer des pistes d\u2019actions\u00a0;<\/li>\n\n\n\n<li>Sensibiliser, \u00e0 diff\u00e9rents niveaux\u00a0: l\u2019ensemble de l\u2019unit\u00e9, les doctorants et \u00e9tudiants, mais aussi les plus jeunes, en impulsant des initiatives d\u00e9di\u00e9es aux \u00e9coles \u00e9l\u00e9mentaires, coll\u00e8ges et lyc\u00e9es.<\/li>\n<\/ul>\n\n\n\n<p><\/p>","protected":false},"excerpt":{"rendered":"<p>La commission parit\u00e9 du Loria a \u00e9t\u00e9 cr\u00e9\u00e9e fin 2019 et compte aujourd\u2019hui 10 membres. Ses missions&nbsp;:<\/p>\n<p> <a class=\"continue-reading-link\" href=\"https:\/\/commission-parite.loria.fr\/fr\/\"><span>Continue reading<\/span><i class=\"crycon-right-dir\"><\/i><\/a> <\/p>\n","protected":false},"author":1,"featured_media":0,"parent":0,"menu_order":0,"comment_status":"closed","ping_status":"open","template":"","meta":{"footnotes":""},"class_list":["post-4","page","type-page","status-publish","hentry"],"_links":{"self":[{"href":"https:\/\/commission-parite.loria.fr\/fr\/wp-json\/wp\/v2\/pages\/4","targetHints":{"allow":["GET"]}}],"collection":[{"href":"https:\/\/commission-parite.loria.fr\/fr\/wp-json\/wp\/v2\/pages"}],"about":[{"href":"https:\/\/commission-parite.loria.fr\/fr\/wp-json\/wp\/v2\/types\/page"}],"author":[{"embeddable":true,"href":"https:\/\/commission-parite.loria.fr\/fr\/wp-json\/wp\/v2\/users\/1"}],"replies":[{"embeddable":true,"href":"https:\/\/commission-parite.loria.fr\/fr\/wp-json\/wp\/v2\/comments?post=4"}],"version-history":[{"count":5,"href":"https:\/\/commission-parite.loria.fr\/fr\/wp-json\/wp\/v2\/pages\/4\/revisions"}],"predecessor-version":[{"id":76,"href":"https:\/\/commission-parite.loria.fr\/fr\/wp-json\/wp\/v2\/pages\/4\/revisions\/76"}],"wp:attachment":[{"href":"https:\/\/commission-parite.loria.fr\/fr\/wp-json\/wp\/v2\/media?parent=4"}],"curies":[{"name":"wp","href":"https:\/\/api.w.org\/{rel}","templated":true}]}}