

{"id":82,"date":"2025-09-29T15:31:28","date_gmt":"2025-09-29T13:31:28","guid":{"rendered":"https:\/\/project.inria.fr\/commissionpariteloria\/?page_id=82"},"modified":"2025-09-29T15:31:28","modified_gmt":"2025-09-29T13:31:28","slug":"francais-informatique-le-declic","status":"publish","type":"page","link":"https:\/\/commission-parite.loria.fr\/fr\/francais-informatique-le-declic\/","title":{"rendered":"Informatique, le d\u00e9clic !"},"content":{"rendered":"<p>Dans le cadre de l\u2019appel \u00e0 projets pour l\u2019\u00e9galit\u00e9 femmes-hommes de l\u2019INS2i, la commission parit\u00e9-\u00e9galit\u00e9 du Loria vous pr\u00e9sente une s\u00e9rie de vid\u00e9os o\u00f9 doctorantes, chercheuses et enseignantes-chercheuses nous racontent leur m\u00e9tier.<\/p>\n\n\n\n<p><\/p>\n\n<iframe loading=\"lazy\" width=\"560\" height=\"315\" src=\"https:\/\/www.youtube.com\/embed\/Uzr3hZoiKw8?si=PyKbViS7KVmcJpUQ\" title=\"YouTube video player\" frameborder=\"0\" allow=\"accelerometer; autoplay; clipboard-write; encrypted-media; gyroscope; picture-in-picture; web-share\" referrerpolicy=\"strict-origin-when-cross-origin\" allowfullscreen><\/iframe>\n\n<iframe loading=\"lazy\" width=\"560\" height=\"315\" src=\"https:\/\/www.youtube.com\/embed\/pbCtTN-2REc?si=1mq9-UmsD7IUaj4M\" title=\"YouTube video player\" frameborder=\"0\" allow=\"accelerometer; autoplay; clipboard-write; encrypted-media; gyroscope; picture-in-picture; web-share\" referrerpolicy=\"strict-origin-when-cross-origin\" allowfullscreen><\/iframe>\n\n<iframe loading=\"lazy\" width=\"560\" height=\"315\" src=\"https:\/\/www.youtube.com\/embed\/XVz935F0pV8?si=gtFiDOCvO6_oqe3U\" title=\"YouTube video player\" frameborder=\"0\" allow=\"accelerometer; autoplay; clipboard-write; encrypted-media; gyroscope; picture-in-picture; web-share\" referrerpolicy=\"strict-origin-when-cross-origin\" allowfullscreen><\/iframe>\n\n<iframe loading=\"lazy\" width=\"560\" height=\"315\" src=\"https:\/\/www.youtube.com\/embed\/6oW8p_YsI3M?si=QbhuAsqz3nZjo9yn\" title=\"YouTube video player\" frameborder=\"0\" allow=\"accelerometer; autoplay; clipboard-write; encrypted-media; gyroscope; picture-in-picture; web-share\" referrerpolicy=\"strict-origin-when-cross-origin\" allowfullscreen><\/iframe>\n\n<iframe loading=\"lazy\" width=\"560\" height=\"315\" src=\"https:\/\/www.youtube.com\/embed\/zKj363IxQzA?si=kyjwH6IIniZURmE_\" title=\"YouTube video player\" frameborder=\"0\" allow=\"accelerometer; autoplay; clipboard-write; encrypted-media; gyroscope; picture-in-picture; web-share\" referrerpolicy=\"strict-origin-when-cross-origin\" allowfullscreen><\/iframe>","protected":false},"excerpt":{"rendered":"<p>Dans le cadre de l\u2019appel \u00e0 projets pour l\u2019\u00e9galit\u00e9 femmes-hommes de l\u2019INS2i, la commission parit\u00e9-\u00e9galit\u00e9 du Loria vous pr\u00e9sente une s\u00e9rie de vid\u00e9os o\u00f9 doctorantes, chercheuses et enseignantes-chercheuses nous racontent leur m\u00e9tier.<\/p>\n<p> <a class=\"continue-reading-link\" href=\"https:\/\/commission-parite.loria.fr\/fr\/francais-informatique-le-declic\/\"><span>Continue reading<\/span><i class=\"crycon-right-dir\"><\/i><\/a> <\/p>\n","protected":false},"author":1965,"featured_media":0,"parent":0,"menu_order":0,"comment_status":"closed","ping_status":"closed","template":"","meta":{"footnotes":""},"class_list":["post-82","page","type-page","status-publish","hentry"],"_links":{"self":[{"href":"https:\/\/commission-parite.loria.fr\/fr\/wp-json\/wp\/v2\/pages\/82","targetHints":{"allow":["GET"]}}],"collection":[{"href":"https:\/\/commission-parite.loria.fr\/fr\/wp-json\/wp\/v2\/pages"}],"about":[{"href":"https:\/\/commission-parite.loria.fr\/fr\/wp-json\/wp\/v2\/types\/page"}],"author":[{"embeddable":true,"href":"https:\/\/commission-parite.loria.fr\/fr\/wp-json\/wp\/v2\/users\/1965"}],"replies":[{"embeddable":true,"href":"https:\/\/commission-parite.loria.fr\/fr\/wp-json\/wp\/v2\/comments?post=82"}],"version-history":[{"count":1,"href":"https:\/\/commission-parite.loria.fr\/fr\/wp-json\/wp\/v2\/pages\/82\/revisions"}],"predecessor-version":[{"id":83,"href":"https:\/\/commission-parite.loria.fr\/fr\/wp-json\/wp\/v2\/pages\/82\/revisions\/83"}],"wp:attachment":[{"href":"https:\/\/commission-parite.loria.fr\/fr\/wp-json\/wp\/v2\/media?parent=82"}],"curies":[{"name":"wp","href":"https:\/\/api.w.org\/{rel}","templated":true}]}}