

{"id":84,"date":"2025-09-29T15:36:02","date_gmt":"2025-09-29T13:36:02","guid":{"rendered":"https:\/\/project.inria.fr\/commissionpariteloria\/?page_id=84"},"modified":"2025-09-29T15:36:35","modified_gmt":"2025-09-29T13:36:35","slug":"francais-les-cigognes","status":"publish","type":"page","link":"https:\/\/commission-parite.loria.fr\/fr\/francais-les-cigognes\/","title":{"rendered":"Les Cigognes"},"content":{"rendered":"<p>Les Cigognes, qu\u2019est-ce que c\u2019est ?<br>Un stage math\u00e9matiques \u2013 informatique \u2013 plein air *<br>* Comme&nbsp;<a href=\"https:\/\/www.fr-cirm-math.fr\/lescigales.html\">Les Cigales<\/a>&nbsp;\u00e0 Marseille<\/p>\n\n\n\n<p>Pour qui ?<br>30 lyc\u00e9ennes de Seconde ou Premi\u00e8re qui aiment les math\u00e9matiques et l\u2019informatique ou sont curieuses de les d\u00e9couvrir.<\/p>\n\n\n\n<p>Pour quoi faire ?<br>D\u00e9couvrir la recherche en math\u00e9matiques et en informatique entre lyc\u00e9ennes dans une ambiance d\u00e9tendue.<\/p>\n\n\n\n<p>O\u00f9 et quand ?<br>Dans un village de vacances \u00e0 la montagne (Vosges) pendant les vacances de Toussaint.<\/p>\n\n\n\n<p>Avec qui ?<br>Avec des chercheuses et chercheurs en informatique et math\u00e9matiques du Grand-Est.<\/p>\n\n\n\n<div class=\"wp-block-buttons is-layout-flex wp-block-buttons-is-layout-flex\">\n<div class=\"wp-block-button is-style-outline is-style-outline--1\" id=\"https:\/\/iecl.univ-lorraine.fr\/cigognes\/\"><a class=\"wp-block-button__link wp-element-button\" href=\"https:\/\/iecl.univ-lorraine.fr\/cigognes\/\" style=\"border-radius:100px\">Plus d&rsquo;informations sur le site des Cigognes<\/a><\/div>\n<\/div>","protected":false},"excerpt":{"rendered":"<p>Les Cigognes, qu\u2019est-ce que c\u2019est ?Un stage math\u00e9matiques \u2013 informatique \u2013 plein air ** Comme&nbsp;Les Cigales&nbsp;\u00e0 Marseille Pour qui ?30 lyc\u00e9ennes de Seconde ou Premi\u00e8re qui aiment les math\u00e9matiques et l\u2019informatique ou sont curieuses de les d\u00e9couvrir. Pour quoi faire ?D\u00e9couvrir la recherche en math\u00e9matiques et en informatique entre lyc\u00e9ennes\u2026<\/p>\n<p> <a class=\"continue-reading-link\" href=\"https:\/\/commission-parite.loria.fr\/fr\/francais-les-cigognes\/\"><span>Continue reading<\/span><i class=\"crycon-right-dir\"><\/i><\/a> <\/p>\n","protected":false},"author":1965,"featured_media":0,"parent":0,"menu_order":0,"comment_status":"closed","ping_status":"closed","template":"","meta":{"footnotes":""},"class_list":["post-84","page","type-page","status-publish","hentry"],"_links":{"self":[{"href":"https:\/\/commission-parite.loria.fr\/fr\/wp-json\/wp\/v2\/pages\/84","targetHints":{"allow":["GET"]}}],"collection":[{"href":"https:\/\/commission-parite.loria.fr\/fr\/wp-json\/wp\/v2\/pages"}],"about":[{"href":"https:\/\/commission-parite.loria.fr\/fr\/wp-json\/wp\/v2\/types\/page"}],"author":[{"embeddable":true,"href":"https:\/\/commission-parite.loria.fr\/fr\/wp-json\/wp\/v2\/users\/1965"}],"replies":[{"embeddable":true,"href":"https:\/\/commission-parite.loria.fr\/fr\/wp-json\/wp\/v2\/comments?post=84"}],"version-history":[{"count":2,"href":"https:\/\/commission-parite.loria.fr\/fr\/wp-json\/wp\/v2\/pages\/84\/revisions"}],"predecessor-version":[{"id":86,"href":"https:\/\/commission-parite.loria.fr\/fr\/wp-json\/wp\/v2\/pages\/84\/revisions\/86"}],"wp:attachment":[{"href":"https:\/\/commission-parite.loria.fr\/fr\/wp-json\/wp\/v2\/media?parent=84"}],"curies":[{"name":"wp","href":"https:\/\/api.w.org\/{rel}","templated":true}]}}