

{"id":87,"date":"2025-09-29T15:41:56","date_gmt":"2025-09-29T13:41:56","guid":{"rendered":"https:\/\/project.inria.fr\/commissionpariteloria\/?page_id=87"},"modified":"2025-09-29T15:41:56","modified_gmt":"2025-09-29T13:41:56","slug":"francais-sciences-un-metier-de-femmes","status":"publish","type":"page","link":"https:\/\/commission-parite.loria.fr\/fr\/francais-sciences-un-metier-de-femmes\/","title":{"rendered":"Sciences, un m\u00e9tier de femmes"},"content":{"rendered":"<p>L\u2019association \u00abFemmes &amp; Sciences\u00bb Grand-Est, en partenariat avec l\u2019IESF | Ing\u00e9nieurs et Scientifiques de France soutenue d\u2019une part, par Emmanuelle Bignon, CR CNRS, membre du laboratoire LPCT et coordinatrice du projet en Lorraine, et d\u2019autre part, par un comit\u00e9 de pilotage nanc\u00e9ien et plusieurs laboratoires lorrains engag\u00e9s, co.organise 3 journ\u00e9es \u00ab Sciences, un m\u00e9tier de femmes \u00bb dans le Grand Est en 2025.<\/p>\n\n\n\n<p>En f\u00e9vrier 2025, le Loria a particip\u00e9 \u00e0 cette journ\u00e9e gr\u00e2ce \u00e0 l&rsquo;implication de ses chercheuses et doctorantes : Yasaman Karami, Lisa Formentini et Marie Cousin.<\/p>\n\n\n\n<div class=\"wp-block-buttons is-layout-flex wp-block-buttons-is-layout-flex\">\n<div class=\"wp-block-button is-style-outline is-style-outline--1\"><a class=\"wp-block-button__link wp-element-button\" href=\"https:\/\/www.loria.fr\/fr\/2025\/02\/sciences-un-metier-de-femmes\/\" target=\"_blank\" rel=\"noreferrer noopener\">En savoir plus dans cet article sur le site du Loria<\/a><\/div>\n<\/div>","protected":false},"excerpt":{"rendered":"<p>L\u2019association \u00abFemmes &amp; Sciences\u00bb Grand-Est, en partenariat avec l\u2019IESF | Ing\u00e9nieurs et Scientifiques de France soutenue d\u2019une part, par Emmanuelle Bignon, CR CNRS, membre du laboratoire LPCT et coordinatrice du projet en Lorraine, et d\u2019autre part, par un comit\u00e9 de pilotage nanc\u00e9ien et plusieurs laboratoires lorrains engag\u00e9s, co.organise 3 journ\u00e9es\u2026<\/p>\n<p> <a class=\"continue-reading-link\" href=\"https:\/\/commission-parite.loria.fr\/fr\/francais-sciences-un-metier-de-femmes\/\"><span>Continue reading<\/span><i class=\"crycon-right-dir\"><\/i><\/a> <\/p>\n","protected":false},"author":1965,"featured_media":0,"parent":0,"menu_order":0,"comment_status":"closed","ping_status":"closed","template":"","meta":{"footnotes":""},"class_list":["post-87","page","type-page","status-publish","hentry"],"_links":{"self":[{"href":"https:\/\/commission-parite.loria.fr\/fr\/wp-json\/wp\/v2\/pages\/87","targetHints":{"allow":["GET"]}}],"collection":[{"href":"https:\/\/commission-parite.loria.fr\/fr\/wp-json\/wp\/v2\/pages"}],"about":[{"href":"https:\/\/commission-parite.loria.fr\/fr\/wp-json\/wp\/v2\/types\/page"}],"author":[{"embeddable":true,"href":"https:\/\/commission-parite.loria.fr\/fr\/wp-json\/wp\/v2\/users\/1965"}],"replies":[{"embeddable":true,"href":"https:\/\/commission-parite.loria.fr\/fr\/wp-json\/wp\/v2\/comments?post=87"}],"version-history":[{"count":1,"href":"https:\/\/commission-parite.loria.fr\/fr\/wp-json\/wp\/v2\/pages\/87\/revisions"}],"predecessor-version":[{"id":88,"href":"https:\/\/commission-parite.loria.fr\/fr\/wp-json\/wp\/v2\/pages\/87\/revisions\/88"}],"wp:attachment":[{"href":"https:\/\/commission-parite.loria.fr\/fr\/wp-json\/wp\/v2\/media?parent=87"}],"curies":[{"name":"wp","href":"https:\/\/api.w.org\/{rel}","templated":true}]}}